{"id":46,"date":"2020-02-27T19:31:05","date_gmt":"2020-02-27T19:31:05","guid":{"rendered":"https:\/\/grupoinsur.com\/foro\/?page_id=46"},"modified":"2020-10-06T11:55:16","modified_gmt":"2020-10-06T10:55:16","slug":"te-damos-la-bienvenida-al-foro-de-insur","status":"publish","type":"page","link":"https:\/\/desarrollo.grupoinsur.com\/foro\/","title":{"rendered":"Foro de Insur"},"content":{"rendered":"\n<div class=\"wp-block-group\"><div class=\"wp-block-group__inner-container is-layout-flow wp-block-group-is-layout-flow\">\n<div class=\"wp-block-button alignleft\"><a class=\"wp-block-button__link has-background\" href=\"https:\/\/desarrollo.grupoinsur.com\/foro\/forums\/\" style=\"background-color:#e85d32;\">Ir al foro<\/a><\/div><div style=\"inline-block;\"><p>&nbsp;&nbsp;&nbsp;&nbsp;&nbsp;&nbsp;&nbsp;&nbsp;&nbsp;&nbsp;&nbsp;&nbsp;<\/p><\/div>\n<\/div><\/div>\n\n\n\n<div class=\"wp-block-group texto\"><div class=\"wp-block-group__inner-container is-layout-flow wp-block-group-is-layout-flow\">\n<div style=\"inline-block;\"><p>&nbsp;&nbsp;&nbsp;&nbsp;&nbsp;&nbsp;&nbsp;&nbsp;&nbsp;&nbsp;&nbsp;&nbsp;<\/p><\/div>\n<\/div><\/div>\n\n\n\n<hr class=\"wp-block-separator\"\/>\n\n\n\n<div class=\"wp-block-group\"><div class=\"wp-block-group__inner-container is-layout-flow wp-block-group-is-layout-flow\">\n<p>Cualquier accionista o asociaci\u00f3n de accionistas constituida e inscrita que pretenda acceder al Foro, deber\u00e1 acreditarse como tal (identidad de la persona o asociaci\u00f3n y condici\u00f3n de accionista).<\/p><ul><li>La identidad personal se acreditar\u00e1 mediante copia del DNI o el CIF si se trata de accionista persona jur\u00eddica. Esta documentaci\u00f3n podr\u00e1 ser remitida mediante los siguientes medios:<ul><li>Mediante fax al n\u00famero 954 27 05 49 a la atenci\u00f3n del Departamento Financiero.<\/li><li>Escaneado mediante correo electr\u00f3nico a la direcci\u00f3n accionistas@grupoinsur.com<\/li><li>Mediante correo a la direcci\u00f3n de la sociedad: C\/ \u00c1ngel Gel\u00e1n n\u00ba2, 41013 Sevilla y a la atenci\u00f3n del Departamento Financiero. <\/li><\/ul><\/li><li>La  condici\u00f3n  de  accionista  se  acreditar\u00e1  por  cualquiera  de  los  siguientes  medios,  que  se enviar\u00e1 a la sociedad mediante los medios indicados en el apartado anterior:<ul><li>Certificaci\u00f3n de titularidad emitida por la entidad depositaria de los t\u00edtulos.<\/li><li>Certificado de legitimaci\u00f3n con vigencia hasta el d\u00eda de celebraci\u00f3n de la Junta. <\/li><\/ul><\/li><\/ul>\n<p>Una vez que el accionista se acredite, se le facilitar\u00e1 un usuario y clave para su acceso al Foro que se enviar\u00e1 a la cuenta de correo electr\u00f3nico que nos indique. Este usuario y clave servir\u00e1 para las sucesivas ocasiones que desee acceder al Foro durante el periodo de la Junta.<\/p><p>Los accionistas que realicen propuestas en el Foro, facilitar\u00e1n al administrador del mismo los datos de contacto que quiera incluir en el Foro. Ser\u00e1n obligatorios en todo caso el nombre o denominaci\u00f3n social del accionista y el n\u00famero de acciones que titule.<\/p><p>El acceso y utilizaci\u00f3n del Foro por parte del usuario registrado, quedan condicionados al mantenimiento de su condici\u00f3n de accionista de la Sociedad o de asociaci\u00f3n voluntaria de accionistas debidamente constituida e inscrita.<\/p><p>La Sociedad podr\u00e1 comprobar la conformidad de las comunicaciones que se pretendan realizar al ordenamiento jur\u00eddico, a la presente Normativa y a las exigencias de la buena fe.<\/p><p>El Foro solo pretende la publicaci\u00f3n de las comunicaciones realizadas por el usuario Registrado en relaci\u00f3n con las cuestiones que se enumeran en la Norma 3\u00aa y no supone un mecanismo de conversaci\u00f3n electr\u00f3nica entre los usuarios registrados.<\/p><p>En consecuencia, no se publicar\u00e1n las comunicaciones recibidas de representantes de accionistas, agrupaciones, entidades depositarias, intermediarios financieros y otras personas que act\u00faen en nombre o en inter\u00e9s de los accionistas. Se excluye el caso de los representantes legales de los accionistas personas jur\u00eddicas o de las asociaciones voluntarias de accionistas legalmente constituidas.<\/p>\n<\/div><\/div>\n","protected":false},"excerpt":{"rendered":"<p>Ir al foro &nbsp;&nbsp;&nbsp;&nbsp;&nbsp;&nbsp;&nbsp;&nbsp;&nbsp;&nbsp;&nbsp;&nbsp; &nbsp;&nbsp;&nbsp;&nbsp;&nbsp;&nbsp;&nbsp;&nbsp;&nbsp;&nbsp;&nbsp;&nbsp; Cualquier accionista o asociaci\u00f3n de accionistas constituida e inscrita que pretenda acceder al Foro, deber\u00e1 acreditarse como tal (identidad de la persona o asociaci\u00f3n y condici\u00f3n de accionista). La identidad personal se acreditar\u00e1 mediante copia <a href=\"https:\/\/desarrollo.grupoinsur.com\/foro\/\"> Read more&#8230;<\/a><\/p>\n","protected":false},"author":3,"featured_media":0,"parent":0,"menu_order":0,"comment_status":"closed","ping_status":"closed","template":"","meta":{"_bbp_topic_count":0,"_bbp_reply_count":0,"_bbp_total_topic_count":0,"_bbp_total_reply_count":0,"_bbp_voice_count":0,"_bbp_anonymous_reply_count":0,"_bbp_topic_count_hidden":0,"_bbp_reply_count_hidden":0,"_bbp_forum_subforum_count":0,"footnotes":""},"class_list":["post-46","page","type-page","status-publish","hentry"],"_links":{"self":[{"href":"https:\/\/desarrollo.grupoinsur.com\/foro\/wp-json\/wp\/v2\/pages\/46","targetHints":{"allow":["GET"]}}],"collection":[{"href":"https:\/\/desarrollo.grupoinsur.com\/foro\/wp-json\/wp\/v2\/pages"}],"about":[{"href":"https:\/\/desarrollo.grupoinsur.com\/foro\/wp-json\/wp\/v2\/types\/page"}],"author":[{"embeddable":true,"href":"https:\/\/desarrollo.grupoinsur.com\/foro\/wp-json\/wp\/v2\/users\/3"}],"replies":[{"embeddable":true,"href":"https:\/\/desarrollo.grupoinsur.com\/foro\/wp-json\/wp\/v2\/comments?post=46"}],"version-history":[{"count":52,"href":"https:\/\/desarrollo.grupoinsur.com\/foro\/wp-json\/wp\/v2\/pages\/46\/revisions"}],"predecessor-version":[{"id":148,"href":"https:\/\/desarrollo.grupoinsur.com\/foro\/wp-json\/wp\/v2\/pages\/46\/revisions\/148"}],"wp:attachment":[{"href":"https:\/\/desarrollo.grupoinsur.com\/foro\/wp-json\/wp\/v2\/media?parent=46"}],"curies":[{"name":"wp","href":"https:\/\/api.w.org\/{rel}","templated":true}]}}